{"id":938,"date":"2023-11-27T22:21:53","date_gmt":"2023-11-27T13:21:53","guid":{"rendered":"https:\/\/miki.press\/?page_id=938"},"modified":"2025-09-12T19:08:57","modified_gmt":"2025-09-12T10:08:57","slug":"profile-vn","status":"publish","type":"page","link":"https:\/\/miki.press\/?page_id=938","title":{"rendered":"Profile [VN]"},"content":{"rendered":"\n<p><strong><span data-fontsize=\"21px\" style=\"font-size: 21px;\" class=\"vk_inline-font-size\">Trung Nguy\u00ean Miki<\/span><\/strong><\/p>\n\n\n\n<p><\/p>\n\n\n\n<figure class=\"wp-block-image size-full\"><img loading=\"lazy\" decoding=\"async\" width=\"542\" height=\"720\" src=\"https:\/\/miki.press\/wp-content\/uploads\/2025\/09\/Miki_\u5168\u8eab.png\" alt=\"\" class=\"wp-image-3908\" srcset=\"https:\/\/miki.press\/wp-content\/uploads\/2025\/09\/Miki_\u5168\u8eab.png 542w, https:\/\/miki.press\/wp-content\/uploads\/2025\/09\/Miki_\u5168\u8eab-226x300.png 226w\" sizes=\"auto, (max-width: 542px) 100vw, 542px\" \/><\/figure>\n\n\n\n<p>\u25cfQu\u1ea3n l\u00fd C\u00f4ng ty CNTT \u30fbQu\u1ea3n l\u00fd kinh doanh ph\u00e1t tri\u1ec3n ph\u1ea7n m\u1ec1m CNTT <br>\u3000(s\u1ea3n xu\u1ea5t, R&amp;D, d\u1ecbch v\u1ee5 th\u00f4ng tin)<br>\u3000\u30fbKinh nghi\u1ec7m : L\u1eadp tr\u00ecnh vi\u00ean, k\u1ef9 s\u01b0 R&amp;D, t\u01b0 v\u1ea5n doanh nghi\u1ec7p<br>\u3000#\u00d4 t\u00f4 #\u0110\u00f3ng t\u00e0u #H\u00e0ng kh\u00f4ng v\u0169 tr\u1ee5 #H\u00ecnh kh\u1ed1i #C\u01a1 h\u1ecdc v\u1eadt li\u1ec7u # Ch\u1ebf t\u1ea1o (Monozukuri)<\/p>\n\n\n\n<p>\u25cfSinh ra \u1edf Ph\u00e1p, l\u1edbn l\u00ean \u1edf \u0110\u1ee9c, Th\u1ee5y S\u0129, Algeria v\u00e0 Nh\u1eadt B\u1ea3n.<br>\u3000Cha: Ng\u01b0\u1eddi Nh\u1eadt (kinh doanh v\u00e0 th\u01b0\u01a1ng m\u1ea1i tr\u00ean to\u00e0n th\u1ebf gi\u1edbi)<br>\u3000M\u1eb9: ng\u01b0\u1eddi Ph\u00e1p (ngo\u1ea1i giao v\u00e0 phi\u00ean d\u1ecbch)<br>\u3000\u30fbT\u00f4i dung h\u00f2a v\u1edbi t\u1ea5t c\u1ea3 c\u00e1c qu\u1ed1c gia, n\u1ec1n v\u0103n h\u00f3a v\u00e0 con ng\u01b0\u1eddi, \u0111\u1ed3ng th\u1eddi t\u00f4i th\u00edch t\u00ecm hi\u1ec3u s\u00e2u v\u1ec1 h\u00e0nh vi, c\u00e1ch di\u1ec5n \u0111\u1ea1t ng\u00f4n ng\u1eef, suy ngh\u0129 v\u00e0 tr\u00ed t\u01b0\u1edfng t\u01b0\u1ee3ng c\u1ee7a m\u1ecdi ng\u01b0\u1eddi. T\u00f4i l\u00e0 gi\u00e1o s\u01b0 v\u1ec1 \u0111\u1ea1o \u0111\u1ee9c v\u00e0 AI t\u1ea1i m\u1ed9t tr\u01b0\u1eddng \u0111\u1ea1i h\u1ecdc.<\/p>\n\n\n\n<p><strong>\u25a0 Gi\u1ea3i th\u01b0\u1edfng<\/strong><br>1994 Gi\u1ea3i th\u01b0\u1edfng Xu\u1ea5t s\u1eafc Cu\u1ed9c thi L\u1eadp tr\u00ecnh c\u1ee7a B\u1ed9 Th\u01b0\u01a1ng m\u1ea1i v\u00e0 C\u00f4ng nghi\u1ec7p Qu\u1ed1c t\u1ebf<br>\u3000H\u1ec7 th\u1ed1ng qu\u1ea3n l\u00fd l\u1edbp h\u1ecdc s\u1eed d\u1ee5ng m\u1ea1ng quy m\u00f4 l\u1edbn (nghi\u00ean c\u1ee9u LAN Learn)<br>1995\u3000Gi\u1ea3i th\u01b0\u1edfng c\u1ee7a B\u1ed9 tr\u01b0\u1edfng B\u1ed9 Th\u01b0\u01a1ng m\u1ea1i v\u00e0 C\u00f4ng nghi\u1ec7p Qu\u1ed1c t\u1ebf (L\u1eadp tr\u00ecnh)<br>\u3000 Nh\u1eadn b\u1eb1ng khen c\u1ee7a Th\u1ed1ng \u0111\u1ed1c t\u1ec9nh Okayama (L\u1eadp tr\u00ecnh)<\/p>\n\n\n\n<p><strong>\u25a0 S\u1ef1 nghi\u1ec7p<\/strong><br>1997\u3000\"K\u1ef9 s\u01b0\/l\u1eadp tr\u00ecnh vi\u00ean R&amp;D (kho\u1ea3ng 12 n\u0103m)\"<br>\u3000Java, C++, VB, Ruby, Python, QB, FORTRAN, COBOL<br>\u3000H\u1ec7 th\u1ed1ng qu\u1ea3n l\u00fd s\u1ea3n xu\u1ea5t, PLM, CAD, CAM, CAE CATIA, Enovia, SIEMENS, NX, ANSA, META<br>\u3000H\u1ec7 th\u1ed1ng qu\u1ea3n l\u00fd d\u1eef li\u1ec7u l\u1edbn, h\u1ec7 th\u1ed1ng qu\u1ea3n l\u00fd trung t\u00e2m h\u1ed7 tr\u1ee3\u3000<br>\u3000Ph\u00e1t tri\u1ec3n Groupware, Socialware,&nbsp; Notes, Domino, SharePoint, Salesforce<\/p>\n\n\n\n<p>2001\u3000 \"T\u01b0 v\u1ea5n v\u00e0 b\u00e1n h\u00e0ng doanh nghi\u1ec7p (kho\u1ea3ng 8 n\u0103m)\"<br>\u3000L\u0129nh v\u1ef1c automotive, Nghi\u00ean c\u1ee9u v\u00e0 ph\u00e1t tri\u1ec3n,\u00a0 h\u1ecdc m\u00e1y, m\u00f4 ph\u1ecfng, ph\u00e2n t\u00edch ch\u1ea5t l\u1ecfng,<br>\u3000ph\u00e2n t\u00edch c\u1ea5u tr\u00fac, ph\u00e2n t\u00edch rung \u0111\u1ed9ng<br>\u3000H\u1ed7 tr\u1ee3 c\u1ea3i thi\u1ec7n m\u00f4i tr\u01b0\u1eddng qu\u1ea3n l\u00fd ng\u00e0nh s\u1ea3n xu\u1ea5t, h\u1ed7 tr\u1ee3 c\u1ea3i thi\u1ec7n CSR quy m\u00f4 l\u1edbn ,<br>\u3000h\u1ed7 tr\u1ee3 \u0111\u1ed1i \u1ee9ng ph\u00e1p l\u00fd c\u1ea5p ph\u00e9p h\u00e0ng kh\u00f4ng v\u0169 tr\u1ee5<br>2008\u3000\u201cQu\u1ea3n l\u00fd c\u00f4ng ty (n\u0103m th\u1ee9 12)\u201d \uff5eHi\u1ec7n t\u1ea1i\uff5e<br>\u3000Kinh nghi\u1ec7m sau c\u00fa s\u1ed1c Lehman, kinh nghi\u1ec7m x\u00e2y d\u1ef1ng l\u1ea1i qu\u1ea3n l\u00fd sau tr\u1eadn \u0111\u1ed9ng \u0111\u1ea5t l\u1edbn Kanto<br>\u3000X\u00e2y d\u1ef1ng &amp;\u00a0 b\u1eaft \u0111\u1ea7u c\u00f4ng vi\u1ec7c kinh doanh \u1edf n\u01b0\u1edbc ngo\u00e0i, offshore Vi\u1ec7t Nam<br>\u3000Chuy\u00ean gia M&amp;A<br>\u3000T\u01b0 c\u00e1ch k\u1ebf nhi\u1ec7m doanh nghi\u1ec7p<br>2022  \u201cNghi\u00ean c\u1ee9u &amp; Ph\u00e1t tri\u1ec3n (R&amp;D) \/ Ph\u00e1t tri\u1ec3n kinh doanh th\u1ebf h\u1ec7 ti\u1ebfp theo\u201d<br>\u3000S\u1ea3n ph\u1ea9m ch\u1ebf t\u1ea1o th\u1ebf h\u1ec7 ti\u1ebfp theo; c\u00e1c s\u1ea3n ph\u1ea9m li\u00ean quan \u0111\u1ebfn qu\u1ea3n tr\u1ecb s\u1ea3n xu\u1ea5t.<br>\u3000X\u00e2y d\u1ef1ng \u201cDIGITAL TWIN PLM SOLUTION\u201d, v.v.<br>2023\u2013 \u201cT\u01b0 v\u1ea5n chi\u1ebfn l\u01b0\u1ee3c (upstream) cho doanh nghi\u1ec7p \/ Ph\u00e1t tri\u1ec3n nh\u00e2n l\u1ef1c v\u1ec1 DX\/GX\/PLM\u201d<br>\u3000Doanh nghi\u1ec7p luy\u1ec7n th\u00e9p, \u00f4 t\u00f4 v\u00e0 EPC\/nh\u00e0 m\u00e1y c\u00f4ng nghi\u1ec7p.<br>\u3000Doanh nghi\u1ec7p thi\u1ebft b\u1ecb \u0111i\u1ec7n t\u1eed gia d\u1ee5ng &amp; \u0111i\u1ec7n c\u00f4ng nghi\u1ec7p n\u1eb7ng; linh ki\u1ec7n \u0111i\u1ec7n t\u1eed &amp; b\u00e1n d\u1eabn; thi\u1ebft b\u1ecb CNTT; thi\u1ebft b\u1ecb vi\u1ec5n th\u00f4ng; thi\u1ebft b\u1ecb c\u00f4ng nghi\u1ec7p.<\/p>\n\n\n\n<figure class=\"wp-block-gallery has-nested-images columns-default is-cropped wp-block-gallery-1 is-layout-flex wp-block-gallery-is-layout-flex\">\n<figure class=\"wp-block-image size-large\"><img loading=\"lazy\" decoding=\"async\" width=\"683\" height=\"1024\" data-id=\"3911\" src=\"https:\/\/miki.press\/wp-content\/uploads\/2025\/09\/qp_miki-683x1024.jpg\" alt=\"\" class=\"wp-image-3911\" srcset=\"https:\/\/miki.press\/wp-content\/uploads\/2025\/09\/qp_miki-683x1024.jpg 683w, https:\/\/miki.press\/wp-content\/uploads\/2025\/09\/qp_miki-200x300.jpg 200w, https:\/\/miki.press\/wp-content\/uploads\/2025\/09\/qp_miki-768x1152.jpg 768w, https:\/\/miki.press\/wp-content\/uploads\/2025\/09\/qp_miki.jpg 1024w\" sizes=\"auto, (max-width: 683px) 100vw, 683px\" \/><\/figure>\n<\/figure>\n\n\n\n<p><strong>\u25a0 C\u00e1c n\u01a1i \u0111\u00e3 t\u1eebng \u0111\u1ebfn<\/strong><br>\u3000Nh\u1eadt B\u1ea3n, Ph\u00e1p, Algeria,<br>\u3000C\u00e1c Ti\u1ec3u v\u01b0\u01a1ng qu\u1ed1c \u1ea2 R\u1eadp Th\u1ed1ng nh\u1ea5t,<br>\u3000Th\u1ee5y S\u0129, Vi\u1ec7t Nam, Trung Qu\u1ed1c (Th\u00e2m Quy\u1ebfn)<\/p>\n\n\n\n<p><strong>\u25a0 S\u1edf th\u00edch v\u00e0 nh\u1eefng th\u1ee9 y\u00eau th\u00edch<\/strong><br>\u3000<strong>[Giao ti\u1ebfp]<\/strong><br>\u3000\u30fbHo\u1ea1t \u0111\u1ed9ng ngo\u1ea1i giao, giao ti\u1ebfp gi\u1eefa Nh\u1eadt B\u1ea3n v\u00e0 n\u01b0\u1edbc ngo\u00e0i<br>\u3000\u30fbT\u00ecnh nguy\u1ec7n vi\u00ean h\u1ed7 tr\u1ee3 ph\u1ee5c h\u1ed3i x\u00e3 h\u1ed9i<br>\u3000\u30fb\u00c2m nh\u1ea1c\/nh\u1ea1c c\u1ee5 (k\u00e8n, euphonium, tuba)<br>\u3000\u30fbL\u1eddi b\u00e0i h\u00e1t, nh\u00e0 so\u1ea1n nh\u1ea1c, di\u1ec5n vi\u00ean h\u00e0i, ngh\u1ec7 nh\u00e2n l\u00e0m b\u01b0u thi\u1ebfp<br>\u3000\u30fbKh\u00f4ng d\u00e2ynghi\u1ec7p d\u01b0<br>\u3000\u30fbCHI\u1ebeN TRANH GI\u1eeeA C\u00c1C V\u00cc SAO<br>\u3000<strong>[Ch\u1ebf t\u1ea1o]<\/strong><br>\u3000\u30fb S\u1ea3n xu\u1ea5t xe 4 b\u00e1nh v\u00e0 ph\u00e2n t\u00edch k\u1ebft c\u1ea5u<br>\u3000\u30fbXe \u0111ua (\u0111ua xe k\u00e9o, t\u1ed1c \u0111\u1ed9 cao)<br>\u3000\u30fbL\u1eadp tr\u00ecnh, ph\u00e1t tri\u1ec3n ph\u1ea7n m\u1ec1m<br>\u3000\u30fb\u0110an, th\u00eau<br>\u3000\u30fbN\u1ea5u n\u01b0\u1edbng<br>\u3000<strong>[C\u00e1c m\u00f4n th\u1ec3 thao]<\/strong><br>\u3000\u30fbLeo n\u00fai (leo n\u00fai Ph\u00fa S\u0129)<br>\u3000\u30fbNg\u01b0\u1eddi c\u00f3 th\u1ee9 h\u1ea1ng v\u1ec1 ph\u00e1p Thi\u1ebfu L\u00e2m T\u1ef1<br>\u3000\u30fbKhi\u00eau v\u0169 \u30fbGolf<\/p>\n\n\n\n<p>\u30fbT\u00f4i y\u00eau ti\u1ebfng c\u01b0\u1eddi, t\u00f4i y\u00eau m\u1ecdi ng\u01b0\u1eddi, t\u00f4i th\u00edch nh\u1eefng suy ngh\u0129 y\u00eau th\u01b0\u01a1ng v\u00e0 c\u00e1ch ch\u01a1i ch\u1eef.<br>\u30fbTr\u00e1i ng\u01b0\u1ee3c v\u1edbi nh\u1eefng th\u00e1ng ng\u00e0y v\u1eadt l\u1ed9n v\u1edbi t\u01b0 duy logic v\u00e0 kh\u1ea3 n\u0103ng ph\u00e1n \u0111o\u00e1n trong c\u00f4ng vi\u1ec7c qu\u1ea3n l\u00fd m\u1ed9t c\u00f4ng ty IT, t\u00f4i th\u00edch g\u00f3c nh\u00ecn l\u00e3ng m\u1ea1n, thanh l\u1ecbch v\u00e0 gi\u00e0u c\u1ea3m x\u00fac c\u1ee7a Ph\u00e1p, \u201c\u0111\u1ea5t n\u01b0\u1edbc c\u1ee7a t\u00ecnh y\u00eau\u201d.<br>\u30fbT\u00f4i mu\u1ed1n c\u00f3 nhi\u1ec1u m\u1ed1i quan h\u1ec7 v\u00e0 b\u1ea1n b\u00e8, v\u00e0 t\u00f4i th\u1eed m\u1ecdi th\u1ee9 v\u1edbi ni\u1ec1m \u0111am m\u00ea! ! T\u00f4i \u0111ang t\u00edch c\u1ef1c l\u00e0m .<\/p>\n\n\n\n<figure class=\"wp-block-image size-large is-resized\"><img loading=\"lazy\" decoding=\"async\" width=\"1024\" height=\"576\" src=\"https:\/\/miki.press\/wp-content\/uploads\/2023\/11\/SAIGON-1024x576.jpg\" alt=\"\" class=\"wp-image-982\" style=\"width:1450px;height:auto\" srcset=\"https:\/\/miki.press\/wp-content\/uploads\/2023\/11\/SAIGON-1024x576.jpg 1024w, https:\/\/miki.press\/wp-content\/uploads\/2023\/11\/SAIGON-300x169.jpg 300w, https:\/\/miki.press\/wp-content\/uploads\/2023\/11\/SAIGON-768x432.jpg 768w, https:\/\/miki.press\/wp-content\/uploads\/2023\/11\/SAIGON-1536x865.jpg 1536w, https:\/\/miki.press\/wp-content\/uploads\/2023\/11\/SAIGON-2048x1153.jpg 2048w, https:\/\/miki.press\/wp-content\/uploads\/2023\/11\/SAIGON-320x180.jpg 320w\" sizes=\"auto, (max-width: 1024px) 100vw, 1024px\" \/><\/figure>\n","protected":false},"excerpt":{"rendered":"<p>Trung Nguy\u00ean Miki \u25cfQu\u1ea3n l\u00fd C\u00f4ng ty CNTT \u30fbQu\u1ea3n l\u00fd kinh doanh ph\u00e1t tri\u1ec3n ph\u1ea7n m\u1ec1m CNTT \u3000(s\u1ea3n xu\u1ea5t, R&amp;D, d\u1ecbch [&hellip;]<\/p>\n","protected":false},"author":2,"featured_media":3911,"parent":0,"menu_order":0,"comment_status":"closed","ping_status":"closed","template":"","meta":{"vkexunit_cta_each_option":"","footnotes":""},"class_list":["post-938","page","type-page","status-publish","has-post-thumbnail","hentry"],"_links":{"self":[{"href":"https:\/\/miki.press\/index.php?rest_route=\/wp\/v2\/pages\/938","targetHints":{"allow":["GET"]}}],"collection":[{"href":"https:\/\/miki.press\/index.php?rest_route=\/wp\/v2\/pages"}],"about":[{"href":"https:\/\/miki.press\/index.php?rest_route=\/wp\/v2\/types\/page"}],"author":[{"embeddable":true,"href":"https:\/\/miki.press\/index.php?rest_route=\/wp\/v2\/users\/2"}],"replies":[{"embeddable":true,"href":"https:\/\/miki.press\/index.php?rest_route=%2Fwp%2Fv2%2Fcomments&post=938"}],"version-history":[{"count":9,"href":"https:\/\/miki.press\/index.php?rest_route=\/wp\/v2\/pages\/938\/revisions"}],"predecessor-version":[{"id":3934,"href":"https:\/\/miki.press\/index.php?rest_route=\/wp\/v2\/pages\/938\/revisions\/3934"}],"wp:featuredmedia":[{"embeddable":true,"href":"https:\/\/miki.press\/index.php?rest_route=\/wp\/v2\/media\/3911"}],"wp:attachment":[{"href":"https:\/\/miki.press\/index.php?rest_route=%2Fwp%2Fv2%2Fmedia&parent=938"}],"curies":[{"name":"wp","href":"https:\/\/api.w.org\/{rel}","templated":true}]}}